{"id":711,"date":"2020-11-25T18:32:17","date_gmt":"2020-11-25T18:32:17","guid":{"rendered":"https:\/\/bolsa.com.pl\/?post_type=product&#038;p=711"},"modified":"2025-11-27T00:10:40","modified_gmt":"2025-11-27T00:10:40","slug":"gianna-2","status":"publish","type":"product","link":"https:\/\/bolsa.com.pl\/en\/product\/gianna-2\/","title":{"rendered":"Gianna 2"},"content":{"rendered":"<p><strong>Najni\u017csza cena w okresie 30 dni przed obni\u017ck\u0105:369 z\u0142<\/strong><br \/>\n<strong>Cena regularna: 369 z\u0142<\/strong><\/p>\n<p><strong><span style=\"color: #c50096;\">Opis produktu:<\/span><\/strong><br \/>\nwysoko\u015b\u0107: 14 cm<br \/>\nszeroko\u015b\u0107: 16 cm<br \/>\ng\u0142\u0119boko\u015b\u0107: 3 cm<\/p>\n<p><strong><span style=\"color: #c50096;\">Materia\u0142:<\/span><\/strong><br \/>\nna zewn\u0105trz: 100% naturalna sk\u00f3ra o fakturze drobnej siateczki<br \/>\nwewn\u0105trz: granatowa poliestrowa podszewka<\/p>\n<p><b><\/b><strong><span style=\"color: #c50096;\">Pasek:<\/span><\/strong><br \/>\nd\u0142ugi (124 cm), z mo\u017cliwo\u015bci\u0105 regulacji<br \/>\numo\u017cliwia noszenie torebki wok\u00f3\u0142 pasa lub przez rami\u0119<b><br \/>\n<\/b><\/p>\n<p><strong><span style=\"color: #c50096;\">Kieszenie:<\/span><\/strong><br \/>\nzewn\u0119trzne: brak<br \/>\nwewn\u0119trzne: brak<\/p>\n<p><strong><span style=\"color: #c50096;\">Przeszycia w kolorze \u017c\u00f3\u0142tym<\/span><\/strong><\/p>\n<p><strong><span style=\"color: #c50096;\">Zapi\u0119cie:<\/span><\/strong><br \/>\nmagnes<\/p>\n<p><span style=\"color: #c50096;\"><strong>Worek ochronny<\/strong><\/span><\/p>\n<p><span style=\"color: #c50096;\"><strong>Wskaz\u00f3wki dotycz\u0105ce piel\u0119gnacji sk\u00f3ry:<\/strong><\/span><br \/>\nspecjalne czyszczenie przewidziane dla produkt\u00f3w sk\u00f3rzanych<\/p>\n<p>*Kolor torebek na zdj\u0119ciach mo\u017ce lekko r\u00f3\u017cni\u0107 si\u0119 od rzeczywistego<\/p>","protected":false},"excerpt":{"rendered":"<p>Najni\u017csza cena w okresie 30 dni przed obni\u017ck\u0105:369 z\u0142 Cena regularna: 369 z\u0142 Opis produktu: wysoko\u015b\u0107: 14 cm szeroko\u015b\u0107: 16 cm g\u0142\u0119boko\u015b\u0107: 3 cm Materia\u0142: na zewn\u0105trz: 100% naturalna sk\u00f3ra o fakturze drobnej siateczki wewn\u0105trz: granatowa poliestrowa podszewka Pasek: d\u0142ugi (124 cm), z mo\u017cliwo\u015bci\u0105 regulacji umo\u017cliwia noszenie torebki wok\u00f3\u0142 pasa lub przez rami\u0119 Kieszenie: zewn\u0119trzne: [&hellip;]<\/p>\n","protected":false},"featured_media":704,"comment_status":"open","ping_status":"closed","template":"","meta":{"ocean_post_layout":"","ocean_both_sidebars_style":"","ocean_both_sidebars_content_width":0,"ocean_both_sidebars_sidebars_width":0,"ocean_sidebar":"0","ocean_second_sidebar":"0","ocean_disable_margins":"enable","ocean_add_body_class":"","ocean_shortcode_before_top_bar":"","ocean_shortcode_after_top_bar":"","ocean_shortcode_before_header":"","ocean_shortcode_after_header":"","ocean_has_shortcode":"","ocean_shortcode_after_title":"","ocean_shortcode_before_footer_widgets":"","ocean_shortcode_after_footer_widgets":"","ocean_shortcode_before_footer_bottom":"","ocean_shortcode_after_footer_bottom":"","ocean_display_top_bar":"default","ocean_display_header":"default","ocean_header_style":"","ocean_center_header_left_menu":"0","ocean_custom_header_template":"0","ocean_custom_logo":0,"ocean_custom_retina_logo":0,"ocean_custom_logo_max_width":0,"ocean_custom_logo_tablet_max_width":0,"ocean_custom_logo_mobile_max_width":0,"ocean_custom_logo_max_height":0,"ocean_custom_logo_tablet_max_height":0,"ocean_custom_logo_mobile_max_height":0,"ocean_header_custom_menu":"0","ocean_menu_typo_font_family":"0","ocean_menu_typo_font_subset":"","ocean_menu_typo_font_size":0,"ocean_menu_typo_font_size_tablet":0,"ocean_menu_typo_font_size_mobile":0,"ocean_menu_typo_font_size_unit":"px","ocean_menu_typo_font_weight":"","ocean_menu_typo_font_weight_tablet":"","ocean_menu_typo_font_weight_mobile":"","ocean_menu_typo_transform":"","ocean_menu_typo_transform_tablet":"","ocean_menu_typo_transform_mobile":"","ocean_menu_typo_line_height":0,"ocean_menu_typo_line_height_tablet":0,"ocean_menu_typo_line_height_mobile":0,"ocean_menu_typo_line_height_unit":"","ocean_menu_typo_spacing":0,"ocean_menu_typo_spacing_tablet":0,"ocean_menu_typo_spacing_mobile":0,"ocean_menu_typo_spacing_unit":"","ocean_menu_link_color":"","ocean_menu_link_color_hover":"","ocean_menu_link_color_active":"","ocean_menu_link_background":"","ocean_menu_link_hover_background":"","ocean_menu_link_active_background":"","ocean_menu_social_links_bg":"","ocean_menu_social_hover_links_bg":"","ocean_menu_social_links_color":"","ocean_menu_social_hover_links_color":"","ocean_disable_title":"default","ocean_disable_heading":"default","ocean_post_title":"","ocean_post_subheading":"","ocean_post_title_style":"","ocean_post_title_background_color":"","ocean_post_title_background":0,"ocean_post_title_bg_image_position":"","ocean_post_title_bg_image_attachment":"","ocean_post_title_bg_image_repeat":"","ocean_post_title_bg_image_size":"","ocean_post_title_height":0,"ocean_post_title_bg_overlay":0.5,"ocean_post_title_bg_overlay_color":"","ocean_disable_breadcrumbs":"default","ocean_breadcrumbs_color":"","ocean_breadcrumbs_separator_color":"","ocean_breadcrumbs_links_color":"","ocean_breadcrumbs_links_hover_color":"","ocean_display_footer_widgets":"default","ocean_display_footer_bottom":"default","ocean_custom_footer_template":"0"},"product_brand":[],"product_cat":[44],"product_tag":[],"class_list":{"0":"post-711","1":"product","2":"type-product","3":"status-publish","4":"has-post-thumbnail","6":"product_cat-outlet","8":"entry","9":"has-media","11":"first","12":"instock","13":"sale","14":"shipping-taxable","15":"purchasable","16":"product-type-simple","17":"has-product-nav","18":"col","19":"span_1_of_3","20":"owp-content-center","21":"owp-thumbs-layout-horizontal","22":"owp-btn-normal","23":"owp-tabs-layout-horizontal"},"_links":{"self":[{"href":"https:\/\/bolsa.com.pl\/en\/wp-json\/wp\/v2\/product\/711","targetHints":{"allow":["GET"]}}],"collection":[{"href":"https:\/\/bolsa.com.pl\/en\/wp-json\/wp\/v2\/product"}],"about":[{"href":"https:\/\/bolsa.com.pl\/en\/wp-json\/wp\/v2\/types\/product"}],"replies":[{"embeddable":true,"href":"https:\/\/bolsa.com.pl\/en\/wp-json\/wp\/v2\/comments?post=711"}],"wp:featuredmedia":[{"embeddable":true,"href":"https:\/\/bolsa.com.pl\/en\/wp-json\/wp\/v2\/media\/704"}],"wp:attachment":[{"href":"https:\/\/bolsa.com.pl\/en\/wp-json\/wp\/v2\/media?parent=711"}],"wp:term":[{"taxonomy":"product_brand","embeddable":true,"href":"https:\/\/bolsa.com.pl\/en\/wp-json\/wp\/v2\/product_brand?post=711"},{"taxonomy":"product_cat","embeddable":true,"href":"https:\/\/bolsa.com.pl\/en\/wp-json\/wp\/v2\/product_cat?post=711"},{"taxonomy":"product_tag","embeddable":true,"href":"https:\/\/bolsa.com.pl\/en\/wp-json\/wp\/v2\/product_tag?post=711"}],"curies":[{"name":"wp","href":"https:\/\/api.w.org\/{rel}","templated":true}]}}