{"id":226,"date":"2020-09-09T10:48:33","date_gmt":"2020-09-09T10:48:33","guid":{"rendered":"https:\/\/bolsa.com.pl\/?post_type=product&#038;p=226"},"modified":"2025-11-27T00:10:45","modified_gmt":"2025-11-27T00:10:45","slug":"yvonne-5","status":"publish","type":"product","link":"https:\/\/bolsa.com.pl\/en\/product\/yvonne-5\/","title":{"rendered":"Yvonne 5"},"content":{"rendered":"<p><strong><span class=\"sDq_FX lystZ1 FxZV-M Yb63TQ\">Najni\u017csza cena w okresie 30 dni przed obni\u017ck\u0105: 278,10 z\u0142<br \/>\nCena regularna: 309 z\u0142<\/span><br \/>\n<\/strong><\/p>\n<p><span style=\"color: #c50096;\"><strong>Opis produktu:<\/strong><\/span><\/p>\n<p>wysoko\u015b\u0107: 11 cm<br \/>\nszeroko\u015b\u0107: 17,5 cm<br \/>\ng\u0142\u0119boko\u015b\u0107: 5,5 cm<\/p>\n<p><span style=\"color: #c50096;\"><strong>Materia\u0142:<\/strong><\/span><br \/>\nna zewn\u0105trz: 100% naturalna sk\u00f3ra<\/p>\n<p>wewn\u0105trz: brak podszewki<\/p>\n<p><span style=\"color: #c50096;\"><strong>Pasek:<\/strong><\/span><br \/>\nszeroki (3,5 cm), d\u0142ugi (150 cm), z mo\u017cliwo\u015bci\u0105 regulacji, odpinany<\/p>\n<p><span style=\"color: #c50096;\"><strong>Kieszenie:<\/strong><\/span><br \/>\nzewn\u0119trzne: brak<br \/>\nwewn\u0119trzne: brak<\/p>\n<p><span style=\"color: #c50096;\"><strong>Wewn\u0119trzny uk\u0142ad torebki:<\/strong><\/span><br \/>\njedna komora<\/p>\n<p><span style=\"color: #c50096;\"><strong>Przeszycia w kolorze granatowym<\/strong><\/span><\/p>\n<p><strong><span style=\"color: #c50096;\">Zapi\u0119cie<\/span> <\/strong><\/p>\n<p>magnes<\/p>\n<p><span style=\"color: #c50096;\"><strong>Worek ochronny<\/strong><\/span><\/p>\n<p><span style=\"color: #c50096;\"><strong>Wskaz\u00f3wki dotycz\u0105ce piel\u0119gnacji sk\u00f3ry:<\/strong><\/span><\/p>\n<p>specjalne czyszczenie przewidziane dla produkt\u00f3w sk\u00f3rzanych<\/p>\n<p>*Kolor torebek na zdj\u0119ciach mo\u017ce lekko r\u00f3\u017cni\u0107 si\u0119 od rzeczywistego<\/p>","protected":false},"excerpt":{"rendered":"<p>Najni\u017csza cena w okresie 30 dni przed obni\u017ck\u0105: 278,10 z\u0142 Cena regularna: 309 z\u0142 Opis produktu: wysoko\u015b\u0107: 11 cm szeroko\u015b\u0107: 17,5 cm g\u0142\u0119boko\u015b\u0107: 5,5 cm Materia\u0142: na zewn\u0105trz: 100% naturalna sk\u00f3ra wewn\u0105trz: brak podszewki Pasek: szeroki (3,5 cm), d\u0142ugi (150 cm), z mo\u017cliwo\u015bci\u0105 regulacji, odpinany Kieszenie: zewn\u0119trzne: brak wewn\u0119trzne: brak Wewn\u0119trzny uk\u0142ad torebki: jedna komora [&hellip;]<\/p>\n","protected":false},"featured_media":227,"comment_status":"open","ping_status":"closed","template":"","meta":{"ocean_post_layout":"","ocean_both_sidebars_style":"","ocean_both_sidebars_content_width":0,"ocean_both_sidebars_sidebars_width":0,"ocean_sidebar":"0","ocean_second_sidebar":"0","ocean_disable_margins":"enable","ocean_add_body_class":"","ocean_shortcode_before_top_bar":"","ocean_shortcode_after_top_bar":"","ocean_shortcode_before_header":"","ocean_shortcode_after_header":"","ocean_has_shortcode":"","ocean_shortcode_after_title":"","ocean_shortcode_before_footer_widgets":"","ocean_shortcode_after_footer_widgets":"","ocean_shortcode_before_footer_bottom":"","ocean_shortcode_after_footer_bottom":"","ocean_display_top_bar":"default","ocean_display_header":"default","ocean_header_style":"","ocean_center_header_left_menu":"0","ocean_custom_header_template":"0","ocean_custom_logo":0,"ocean_custom_retina_logo":0,"ocean_custom_logo_max_width":0,"ocean_custom_logo_tablet_max_width":0,"ocean_custom_logo_mobile_max_width":0,"ocean_custom_logo_max_height":0,"ocean_custom_logo_tablet_max_height":0,"ocean_custom_logo_mobile_max_height":0,"ocean_header_custom_menu":"0","ocean_menu_typo_font_family":"0","ocean_menu_typo_font_subset":"","ocean_menu_typo_font_size":0,"ocean_menu_typo_font_size_tablet":0,"ocean_menu_typo_font_size_mobile":0,"ocean_menu_typo_font_size_unit":"px","ocean_menu_typo_font_weight":"","ocean_menu_typo_font_weight_tablet":"","ocean_menu_typo_font_weight_mobile":"","ocean_menu_typo_transform":"","ocean_menu_typo_transform_tablet":"","ocean_menu_typo_transform_mobile":"","ocean_menu_typo_line_height":0,"ocean_menu_typo_line_height_tablet":0,"ocean_menu_typo_line_height_mobile":0,"ocean_menu_typo_line_height_unit":"","ocean_menu_typo_spacing":0,"ocean_menu_typo_spacing_tablet":0,"ocean_menu_typo_spacing_mobile":0,"ocean_menu_typo_spacing_unit":"","ocean_menu_link_color":"","ocean_menu_link_color_hover":"","ocean_menu_link_color_active":"","ocean_menu_link_background":"","ocean_menu_link_hover_background":"","ocean_menu_link_active_background":"","ocean_menu_social_links_bg":"","ocean_menu_social_hover_links_bg":"","ocean_menu_social_links_color":"","ocean_menu_social_hover_links_color":"","ocean_disable_title":"default","ocean_disable_heading":"default","ocean_post_title":"","ocean_post_subheading":"","ocean_post_title_style":"","ocean_post_title_background_color":"","ocean_post_title_background":0,"ocean_post_title_bg_image_position":"","ocean_post_title_bg_image_attachment":"","ocean_post_title_bg_image_repeat":"","ocean_post_title_bg_image_size":"","ocean_post_title_height":0,"ocean_post_title_bg_overlay":0.5,"ocean_post_title_bg_overlay_color":"","ocean_disable_breadcrumbs":"default","ocean_breadcrumbs_color":"","ocean_breadcrumbs_separator_color":"","ocean_breadcrumbs_links_color":"","ocean_breadcrumbs_links_hover_color":"","ocean_display_footer_widgets":"default","ocean_display_footer_bottom":"default","ocean_custom_footer_template":"0"},"product_brand":[],"product_cat":[44],"product_tag":[],"class_list":{"0":"post-226","1":"product","2":"type-product","3":"status-publish","4":"has-post-thumbnail","6":"product_cat-outlet","8":"entry","9":"has-media","11":"first","12":"instock","13":"sale","14":"shipping-taxable","15":"purchasable","16":"product-type-simple","17":"has-product-nav","18":"col","19":"span_1_of_3","20":"owp-content-center","21":"owp-thumbs-layout-horizontal","22":"owp-btn-normal","23":"owp-tabs-layout-horizontal"},"_links":{"self":[{"href":"https:\/\/bolsa.com.pl\/en\/wp-json\/wp\/v2\/product\/226","targetHints":{"allow":["GET"]}}],"collection":[{"href":"https:\/\/bolsa.com.pl\/en\/wp-json\/wp\/v2\/product"}],"about":[{"href":"https:\/\/bolsa.com.pl\/en\/wp-json\/wp\/v2\/types\/product"}],"replies":[{"embeddable":true,"href":"https:\/\/bolsa.com.pl\/en\/wp-json\/wp\/v2\/comments?post=226"}],"wp:featuredmedia":[{"embeddable":true,"href":"https:\/\/bolsa.com.pl\/en\/wp-json\/wp\/v2\/media\/227"}],"wp:attachment":[{"href":"https:\/\/bolsa.com.pl\/en\/wp-json\/wp\/v2\/media?parent=226"}],"wp:term":[{"taxonomy":"product_brand","embeddable":true,"href":"https:\/\/bolsa.com.pl\/en\/wp-json\/wp\/v2\/product_brand?post=226"},{"taxonomy":"product_cat","embeddable":true,"href":"https:\/\/bolsa.com.pl\/en\/wp-json\/wp\/v2\/product_cat?post=226"},{"taxonomy":"product_tag","embeddable":true,"href":"https:\/\/bolsa.com.pl\/en\/wp-json\/wp\/v2\/product_tag?post=226"}],"curies":[{"name":"wp","href":"https:\/\/api.w.org\/{rel}","templated":true}]}}