{"id":411,"date":"2020-09-09T13:35:35","date_gmt":"2020-09-09T13:35:35","guid":{"rendered":"https:\/\/bolsa.com.pl\/?page_id=411"},"modified":"2020-09-09T13:36:24","modified_gmt":"2020-09-09T13:36:24","slug":"polityka-prywatnosci","status":"publish","type":"page","link":"https:\/\/bolsa.com.pl\/en\/polityka-prywatnosci\/","title":{"rendered":"Polityka prywatno\u015bci"},"content":{"rendered":"<div data-elementor-type=\"wp-page\" data-elementor-id=\"411\" class=\"elementor elementor-411\" data-elementor-post-type=\"page\">\n\t\t\t\t\t\t<section class=\"elementor-section elementor-top-section elementor-element elementor-element-77d7c71 elementor-section-boxed elementor-section-height-default elementor-section-height-default\" data-id=\"77d7c71\" data-element_type=\"section\" data-e-type=\"section\">\n\t\t\t\t\t\t<div class=\"elementor-container elementor-column-gap-default\">\n\t\t\t\t\t<div class=\"elementor-column elementor-col-100 elementor-top-column elementor-element elementor-element-cd77751\" data-id=\"cd77751\" data-element_type=\"column\" data-e-type=\"column\">\n\t\t\t<div class=\"elementor-widget-wrap elementor-element-populated\">\n\t\t\t\t\t\t<div class=\"elementor-element elementor-element-4251bff elementor-widget elementor-widget-text-editor\" data-id=\"4251bff\" data-element_type=\"widget\" data-e-type=\"widget\" data-widget_type=\"text-editor.default\">\n\t\t\t\t<div class=\"elementor-widget-container\">\n\t\t\t\t\t\t\t\t\t<p>POLITYKA PRYWATNO\u015aCI I COOKIES SKLEPU INTERNETOWEGO\u00a0BOLSA &#8211; WA\u017bNA OD 26.07.2020<\/p><ol><li><strong> Podstawy prawne<\/strong><\/li><\/ol><p>Administrator o\u015bwiadcza, i\u017c przetwarzanie danych osobowych U\u017cytkownik\u00f3w odbywa si\u0119 zgodnie z przepisami dotycz\u0105cymi ochrony danych osobowych &#8211; Rozporz\u0105dzenia Parlamentu Europejskiego i Rady (UE) 2016\/679 z dnia 27 kwietnia 2016 r. w sprawie ochrony os\u00f3b fizycznych w zwi\u0105zku z\u00a0przetwarzaniem danych osobowych i w sprawie swobodnego przep\u0142ywu takich danych oraz uchylenia dyrektywy 95\/46\/WE (og\u00f3lne rozporz\u0105dzenie o ochronie danych &#8222;RODO&#8221;).<\/p><ol><li><strong> Warunki og\u00f3lne<\/strong><\/li><li>Niniejsza Polityka Prywatno\u015bci informuje o sposobach ochrony danych osobowych u\u017cytkownik\u00f3w serwisu znajduj\u0105cego si\u0119 pod adresem elektronicznym:\u00a0<a href=\"https:\/\/bolsa.com.pl\/en\/\">www.bolsa.com.pl<\/a><\/li><li>Administratorem U\u017cytkownik\u00f3w Serwisu jest firma \u201eBolsa\u201c z siedzib\u0105 w Kielcach, adres: 25-020 Kielce, ul. Ch\u0119ci\u0144ska 15 \/ 23, posiadaj\u0105ca numer REGON 260090651 oraz NIP 959-157-48-19<\/li><li>Serwis realizuje funkcje pozyskiwania informacji o u\u017cytkownikach i ich zachowaniu w nast\u0119puj\u0105cy spos\u00f3b:<\/li><li>Poprzez dobrowolnie wprowadzone w formularzach informacje.<\/li><li>Poprzez zapisywanie w urz\u0105dzeniach ko\u0144cowych plik\u00f3w cookie (tzw. &#8222;ciasteczka&#8221;).<\/li><li>Zawarto\u015b\u0107 stron Serwisu stanowi w\u0142asno\u015b\u0107 Administratora i jest prawnie chroniona.<\/li><li>W celu korzystania z Serwisu u\u017cytkownik powinien posiada\u0107 komputer lub urz\u0105dzenie z zainstalowanym oprogramowaniem pozwalaj\u0105cym na przegl\u0105danie stron internetowych oraz dost\u0119p do Sieci Internet. Dost\u0119p do Serwisu mo\u017ce odbywa\u0107 si\u0119 przy wykorzystaniu dost\u0119pnych przegl\u0105darek internetowych.<\/li><li>Administrator o\u015bwiadcza, \u017ce strony Serwisu s\u0105 wolne od tre\u015bci naruszaj\u0105cych prawa os\u00f3b trzecich lub obowi\u0105zuj\u0105ce przepisy prawa, a w szczeg\u00f3lno\u015bci od tre\u015bci zawieraj\u0105ce informacje, kt\u00f3re powoduj\u0105 lub stanowi\u0105 zagro\u017cenie prywatno\u015bci lub bezpiecze\u0144stwa jakichkolwiek os\u00f3b, zawieraj\u0105 informacje promuj\u0105ce nielegalne dzia\u0142ania b\u0105d\u017a zachowania, kt\u00f3re s\u0105 obra\u017aliwe, stanowi\u0105 gro\u017ab\u0119, s\u0105 nieprzyzwoite, znies\u0142awiaj\u0105ce lub oszczercze, wzbudzaj\u0105cych rasizm, prze\u015bladowanie z przyczyn etnicznych, kulturowych b\u0105d\u017a religijnych, promuj\u0105cych lub sprzyjaj\u0105cych dzia\u0142aniom przest\u0119pczym, naruszaj\u0105cych prawa os\u00f3b trzecich, w tym prawa w\u0142asno\u015bci intelektualnej lub stanowi\u0105ce inn\u0105 form\u0119 naruszenia d\u00f3br prawnie chronionych.<\/li><\/ol><p><strong>III. Informacje w formularzach.<\/strong><\/p><ol><li>Serwis zbiera informacje podane dobrowolnie przez u\u017cytkownika.<\/li><li>Serwis mo\u017ce zapisa\u0107 ponadto informacje o parametrach po\u0142\u0105czenia (oznaczenie czasu, adres IP).<\/li><li>Dane w formularzach s\u0105 udost\u0119pniane:<\/li><\/ol><p>&#8211; pracownik\u00f3w lub wsp\u00f3\u0142pracownik\u00f3w upowa\u017cnionym prze Administratora;<\/p><p>&#8211; podmiotom wsp\u00f3\u0142pracuj\u0105cym przy realizacji us\u0142ugi Newsletter, sms,<\/p><p>&#8211; podmiotom \u015bwiadcz\u0105cym us\u0142ugi dostawy;<\/p><p>&#8211; dostawcom p\u0142atno\u015bci on-line;<\/p><p>&#8211; upowa\u017cnionym organom na podstawie zgodnych z prawem \u017c\u0105da\u0144 w zakresie wynikaj\u0105cym z \u017c\u0105dania.<br \/>4. Dane podane w formularzach mog\u0105 stanowi\u0107 proces obs\u0142ugi potencjalnych klient\u00f3w, uwzgl\u0119dniony przez Administratora w prowadz\u0105cym rejestrze czynno\u015bci przetwarzania danych osobowych.<\/p><ol start=\"5\"><li>Dane podane w formularzach s\u0105 przetwarzane w celach:<\/li><\/ol><p>&#8211; kontaktu handlowego;<\/p><p>&#8211; wysy\u0142ki sms;<\/p><p>&#8211; za\u0142o\u017cenia konta klienta;<\/p><p>&#8211; realizacji us\u0142ugi Newsletter;<\/p><p>&#8211; realizacji umowy kupna \u2013 sprzeda\u017cy.<\/p><ol><li><strong> Prawo dost\u0119pu<\/strong><\/li><li>U\u017cytkownikowi przys\u0142uguje prawo dost\u0119pu do swoich danych oraz ich sprostowania, usuni\u0119cia lub ograniczenia przetwarzania, prawo wniesienia sprzeciwu wobec przetwarzania, prawo cofni\u0119cia udzielonej zgody w dowolnym momencie, a tak\u017ce prawo do przenoszenia danych.<\/li><li>Dane osobowe U\u017cytkownik\u00f3w b\u0119d\u0105 przetwarzane przez okres niezb\u0119dny do realizacji cel\u00f3w, w kt\u00f3rych zosta\u0142y zgromadzone oraz po ich ustaniu, do czasu przedawnienia roszcze\u0144, b\u0105d\u017a do czasu cofni\u0119cia udzielonej zgody.<\/li><li><strong> Informacje o plikach cookies<\/strong><\/li><li>Serwis korzysta z plik\u00f3w cookies.<\/li><li>Pliki cookies (tzw. \u201eciasteczka\u201d) stanowi\u0105 dane informatyczne, w szczeg\u00f3lno\u015bci pliki tekstowe, kt\u00f3re przechowywane s\u0105 na urz\u0105dzeniu ko\u0144cowym U\u017cytkownika Serwisu i przeznaczone s\u0105 do korzystania ze stron internetowych Serwisu.<\/li><\/ol><p>Cookies zazwyczaj zawieraj\u0105 nazw\u0119 strony internetowej, z kt\u00f3rej pochodz\u0105, czas przechowywania ich na urz\u0105dzeniu ko\u0144cowym oraz unikalny numer.<\/p><ol start=\"3\"><li>Podmiotem zamieszczaj\u0105cym na urz\u0105dzeniu ko\u0144cowym U\u017cytkownika Serwisu pliki cookies oraz uzyskuj\u0105cym do nich dost\u0119p jest operator Serwisu.<\/li><li>Pliki cookies wykorzystywane s\u0105 w nast\u0119puj\u0105cych celach:<\/li><li>tworzenia statystyk, kt\u00f3re pomagaj\u0105 zrozumie\u0107, w jaki spos\u00f3b U\u017cytkownicy Serwisu korzystaj\u0105 ze stron internetowych, co umo\u017cliwia ulepszanie ich struktury i zawarto\u015bci;<\/li><li>utrzymanie sesji U\u017cytkownika Serwisu (po zalogowaniu), dzi\u0119ki kt\u00f3rej U\u017cytkownik nie musi na ka\u017cdej podstronie Serwisu ponownie wpisywa\u0107 loginu i has\u0142a;<\/li><li>okre\u015blania profilu u\u017cytkownika w celu wy\u015bwietlania mu dopasowanych materia\u0142\u00f3w w sieciach reklamowych, w szczeg\u00f3lno\u015bci sieci Google.<\/li><li>W ramach Serwisu stosowane s\u0105 dwa zasadnicze rodzaje plik\u00f3w cookies: \u201esesyjne\u201d (session cookies) oraz \u201esta\u0142e\u201d (persistent cookies). Cookies \u201esesyjne\u201d s\u0105 plikami tymczasowymi, kt\u00f3re przechowywane s\u0105 na urz\u0105dzeniu ko\u0144cowym U\u017cytkownika do czasu wylogowania, opuszczenia strony internetowej lub wy\u0142\u0105czenia oprogramowania (przegl\u0105darki internetowej). \u201eSta\u0142e\u201d pliki cookies przechowywane s\u0105 na urz\u0105dzeniu ko\u0144cowym U\u017cytkownika przez czas okre\u015blony w parametrach plik\u00f3w cookies lub do czasu ich usuni\u0119cia przez U\u017cytkownika.<\/li><li>Oprogramowanie do przegl\u0105dania stron internetowych (przegl\u0105darka internetowa) zazwyczaj domy\u015blnie dopuszcza przechowywanie plik\u00f3w cookies na urz\u0105dzeniu ko\u0144cowym U\u017cytkownika. U\u017cytkownicy Serwisu mog\u0105 dokona\u0107 zmiany ustawie\u0144 w tym zakresie. Przegl\u0105darka internetowa umo\u017cliwia usuni\u0119cie plik\u00f3w cookies. Mo\u017cliwe jest tak\u017ce automatyczne blokowanie plik\u00f3w cookies Szczeg\u00f3\u0142owe informacje na ten temat zawiera pomoc lub dokumentacja przegl\u0105darki internetowej.<\/li><li>Ograniczenia stosowania plik\u00f3w cookies mog\u0105 wp\u0142yn\u0105\u0107 na niekt\u00f3re funkcjonalno\u015bci dost\u0119pne na stronach internetowych Serwisu.<\/li><li>Pliki cookies zamieszczane na urz\u0105dzeniu ko\u0144cowym U\u017cytkownika Serwisu i wykorzystywane mog\u0105 by\u0107 r\u00f3wnie\u017c przez wsp\u00f3\u0142pracuj\u0105cych z operatorem Serwisu reklamodawc\u00f3w oraz partner\u00f3w.<\/li><li>Zalecamy przeczytanie polityki ochrony prywatno\u015bci tych firm, aby pozna\u0107 zasady korzystania z plik\u00f3w cookies wykorzystywane w statystykach:\u00a0<a href=\"https:\/\/www.google.com\/analytics\/learn\/privacy.html?hl=pl\">https:\/\/www.google.analytics<\/a><\/li><li>Pliki cookie mog\u0105 by\u0107 wykorzystane przez sieci reklamowe, w szczeg\u00f3lno\u015bci sie\u0107 Google, do wy\u015bwietlenia reklam dopasowanych do sposobu, w jaki u\u017cytkownik korzysta z Serwisu. W tym celu mog\u0105 zachowa\u0107 informacj\u0119 o \u015bcie\u017cce nawigacji u\u017cytkownika lub czasie pozostawania na danej stronie.<\/li><li>W zakresie informacji o preferencjach u\u017cytkownika gromadzonych przez sie\u0107 reklamow\u0105 Google u\u017cytkownik mo\u017ce przegl\u0105da\u0107 i edytowa\u0107 informacje wynikaj\u0105ce z plik\u00f3w cookies przy pomocy narz\u0119dzia:\u00a0<a href=\"https:\/\/www.google.com\/ads\/preferences\/\">https:\/\/www.google.com\/ads\/preferences\/<\/a><\/li><li>Jak zarz\u0105dza\u0107 plikami cookies &#8211; instrukcje producent\u00f3w przegl\u0105darek internetowych:<br \/>Mozilla Firefox:\u00a0<a href=\"http:\/\/support.mozilla.org\/pl\/kb\/ciasteczka\">http:\/\/support.mozilla.org\/pl\/kb\/ciasteczka<\/a><\/li><\/ol><p>Internet Explorer:\u00a0<a href=\"http:\/\/support.microsoft.com\/kb\/278835\/pl\">http:\/\/support.microsoft.com\/kb\/278835\/pl<\/a><\/p><p>Google Chrome:\u00a0<a href=\"http:\/\/support.google.com\/chrome\/bin\/answer.py?hl=pl&amp;answer=95647\">http:\/\/support.google.com\/chrome\/bin\/answer.py?hl=pl&amp;answer=95647<\/a><\/p><p>Safari:\u00a0<a href=\"http:\/\/safari.helpmax.net\/pl\/oszczedzanie-czasu\/blokowanie-zawartosci\/\">http:\/\/safari.helpmax.net\/pl\/oszczedzanie-czasu\/blokowanie-zawartosci\/<\/a><\/p><p>Opera:\u00a0<a href=\"http:\/\/help.opera.com\/Linux\/9.22\/pl\/cookies.html\">http:\/\/help.opera.com\/Linux\/9.22\/pl\/cookies.html<\/a><\/p><ol start=\"13\"><li>Zgodnie z obowi\u0105zuj\u0105cymi przepisami ustawy z dnia 16 lipca 2004 r. Prawo telekomunikacyjne, U\u017cytkownik ma prawo zadecydowania w zakresie dost\u0119pu plik\u00f3w cookies do swojego komputera poprzez ich uprzedni wyb\u00f3r w oknie swojej przegl\u0105darki.<\/li><li><strong> Logi serwera.<\/strong><\/li><li>Informacje o niekt\u00f3rych zachowaniach u\u017cytkownik\u00f3w podlegaj\u0105 logowaniu w warstwie serwerowej. Dane te s\u0105 wykorzystywane wy\u0142\u0105cznie w celu administrowania serwisem oraz w celu zapewnienia jak najbardziej sprawnej obs\u0142ugi \u015bwiadczonych us\u0142ug hostingowych.<\/li><li>Przegl\u0105dane zasoby identyfikowane s\u0105 poprzez adresy URL. Ponadto zapisowi mog\u0105 podlega\u0107:<\/li><li>czas nadej\u015bcia zapytania,<\/li><li>czas wys\u0142ania odpowiedzi,<\/li><li>nazw\u0119 stacji klienta \u2013 identyfikacja realizowana przez protok\u00f3\u0142 HTTP,<\/li><li>informacje o b\u0142\u0119dach jakie nast\u0105pi\u0142y przy realizacji transakcji HTTP,<\/li><li>adres URL strony poprzednio odwiedzanej przez u\u017cytkownika (referer link) \u2013 w przypadku gdy przej\u015bcie do Serwisu nast\u0105pi\u0142o przez odno\u015bnik,<\/li><li>\u00a0informacje o przegl\u0105darce u\u017cytkownika,<\/li><li>Informacje o adresie IP.<\/li><li>Dane powy\u017csze nie s\u0105 kojarzone z konkretnymi osobami przegl\u0105daj\u0105cymi strony.<\/li><li>Dane powy\u017csze s\u0105 wykorzystywane jedynie dla cel\u00f3w administrowania serwerem.<\/li><\/ol><p><strong>VII. Wy\u0142\u0105czenie odpowiedzialno\u015bci<\/strong><\/p><ol><li>Niniejsza Polityka Prywatno\u015bci nie obejmuje jakichkolwiek informacji dotycz\u0105cych us\u0142ug lub towar\u00f3w innych podmiot\u00f3w ni\u017c Administratora, kt\u00f3re zosta\u0142y zamieszczone na stronach Serwisu komercyjnie, go\u015bcinnie, na zasadach wzajemno\u015bci lub nies\u0142u\u017c\u0105cych osi\u0105gni\u0119ciu efektu handlowego.<\/li><li>Administrator nie odpowiada za dzia\u0142ania lub zaniechania U\u017cytkownik\u00f3w, skutkiem kt\u00f3rych Administrator przetwarza podane przez nich dane osobowe w spos\u00f3b okre\u015blony w niniejszej Polityce Prywatno\u015bci.<\/li><li>Administrator zastrzega sobie prawo do wprowadzania zmian, wycofania lub modyfikacji funkcji lub w\u0142a\u015bciwo\u015bci stron internetowych Serwisu, a tak\u017ce zaprzestania dzia\u0142alno\u015bci, przeniesienia praw do serwisu oraz dokonania wszelkich czynno\u015bci prawnych dozwolonych przez obowi\u0105zuj\u0105ce przepisy prawa. Wszelkie czynno\u015bci dokonywane przez Administratora nie mog\u0105 narusza\u0107 praw U\u017cytkownik\u00f3w.<\/li><\/ol><p><strong>VIII. Kontakt z Administratorem<\/strong><\/p><p>Wszelkie dodatkowe pytania zwi\u0105zane z Polityk\u0105 Prywatno\u015bci prosimy kierowa\u0107 na adres Administratora, o kt\u00f3rym mowa w pkt. II lub\u00a0biuro@bolsa.pl<\/p><ol><li><strong> Zmiany Polityki Prywatno\u015bci<\/strong><\/li><li>Administrator zastrzega sobie prawo do wprowadzania zmian w Polityce Prywatno\u015bci, je\u015bli wymaga\u0107 tego b\u0119d\u0105 przepisy prawa lub zmiany wprowadzane w Serwisie. O stosownych zmianach oraz dacie ich wej\u015bcia w \u017cycie Administrator powiadomi U\u017cytkownik\u00f3w, w szczeg\u00f3lno\u015bci poprzez zamieszczenie komunikatu na stronie Serwisu.<\/li><li>Data okre\u015blona poni\u017cej jest dat\u0105 obowi\u0105zywania Polityki Prywatno\u015bci w ostatniej wersji.<\/li><\/ol><p>Data: 26.07.2020r.<\/p>\t\t\t\t\t\t\t\t<\/div>\n\t\t\t\t<\/div>\n\t\t\t\t\t<\/div>\n\t\t<\/div>\n\t\t\t\t\t<\/div>\n\t\t<\/section>\n\t\t\t\t<\/div>","protected":false},"excerpt":{"rendered":"<p>POLITYKA PRYWATNO\u015aCI I COOKIES SKLEPU INTERNETOWEGO\u00a0BOLSA &#8211; WA\u017bNA OD 26.07.2020 Podstawy prawne Administrator o\u015bwiadcza, i\u017c przetwarzanie danych osobowych U\u017cytkownik\u00f3w odbywa si\u0119 zgodnie z przepisami dotycz\u0105cymi ochrony danych osobowych &#8211; Rozporz\u0105dzenia Parlamentu Europejskiego i Rady (UE) 2016\/679 z dnia 27 kwietnia 2016 r. w sprawie ochrony os\u00f3b fizycznych w zwi\u0105zku z\u00a0przetwarzaniem danych osobowych i w sprawie [&hellip;]<\/p>\n","protected":false},"author":1,"featured_media":0,"parent":0,"menu_order":0,"comment_status":"closed","ping_status":"closed","template":"","meta":{"ocean_post_layout":"","ocean_both_sidebars_style":"","ocean_both_sidebars_content_width":0,"ocean_both_sidebars_sidebars_width":0,"ocean_sidebar":"0","ocean_second_sidebar":"0","ocean_disable_margins":"enable","ocean_add_body_class":"","ocean_shortcode_before_top_bar":"","ocean_shortcode_after_top_bar":"","ocean_shortcode_before_header":"","ocean_shortcode_after_header":"","ocean_has_shortcode":"","ocean_shortcode_after_title":"","ocean_shortcode_before_footer_widgets":"","ocean_shortcode_after_footer_widgets":"","ocean_shortcode_before_footer_bottom":"","ocean_shortcode_after_footer_bottom":"","ocean_display_top_bar":"default","ocean_display_header":"default","ocean_header_style":"","ocean_center_header_left_menu":"0","ocean_custom_header_template":"0","ocean_custom_logo":0,"ocean_custom_retina_logo":0,"ocean_custom_logo_max_width":0,"ocean_custom_logo_tablet_max_width":0,"ocean_custom_logo_mobile_max_width":0,"ocean_custom_logo_max_height":0,"ocean_custom_logo_tablet_max_height":0,"ocean_custom_logo_mobile_max_height":0,"ocean_header_custom_menu":"0","ocean_menu_typo_font_family":"0","ocean_menu_typo_font_subset":"","ocean_menu_typo_font_size":0,"ocean_menu_typo_font_size_tablet":0,"ocean_menu_typo_font_size_mobile":0,"ocean_menu_typo_font_size_unit":"px","ocean_menu_typo_font_weight":"","ocean_menu_typo_font_weight_tablet":"","ocean_menu_typo_font_weight_mobile":"","ocean_menu_typo_transform":"","ocean_menu_typo_transform_tablet":"","ocean_menu_typo_transform_mobile":"","ocean_menu_typo_line_height":0,"ocean_menu_typo_line_height_tablet":0,"ocean_menu_typo_line_height_mobile":0,"ocean_menu_typo_line_height_unit":"","ocean_menu_typo_spacing":0,"ocean_menu_typo_spacing_tablet":0,"ocean_menu_typo_spacing_mobile":0,"ocean_menu_typo_spacing_unit":"","ocean_menu_link_color":"","ocean_menu_link_color_hover":"","ocean_menu_link_color_active":"","ocean_menu_link_background":"","ocean_menu_link_hover_background":"","ocean_menu_link_active_background":"","ocean_menu_social_links_bg":"","ocean_menu_social_hover_links_bg":"","ocean_menu_social_links_color":"","ocean_menu_social_hover_links_color":"","ocean_disable_title":"default","ocean_disable_heading":"default","ocean_post_title":"","ocean_post_subheading":"","ocean_post_title_style":"","ocean_post_title_background_color":"","ocean_post_title_background":0,"ocean_post_title_bg_image_position":"","ocean_post_title_bg_image_attachment":"","ocean_post_title_bg_image_repeat":"","ocean_post_title_bg_image_size":"","ocean_post_title_height":0,"ocean_post_title_bg_overlay":0.5,"ocean_post_title_bg_overlay_color":"","ocean_disable_breadcrumbs":"default","ocean_breadcrumbs_color":"","ocean_breadcrumbs_separator_color":"","ocean_breadcrumbs_links_color":"","ocean_breadcrumbs_links_hover_color":"","ocean_display_footer_widgets":"default","ocean_display_footer_bottom":"default","ocean_custom_footer_template":"0","footnotes":""},"class_list":["post-411","page","type-page","status-publish","hentry","entry","owp-thumbs-layout-horizontal","owp-btn-normal","owp-tabs-layout-horizontal","has-no-thumbnails","has-product-nav"],"_links":{"self":[{"href":"https:\/\/bolsa.com.pl\/en\/wp-json\/wp\/v2\/pages\/411","targetHints":{"allow":["GET"]}}],"collection":[{"href":"https:\/\/bolsa.com.pl\/en\/wp-json\/wp\/v2\/pages"}],"about":[{"href":"https:\/\/bolsa.com.pl\/en\/wp-json\/wp\/v2\/types\/page"}],"author":[{"embeddable":true,"href":"https:\/\/bolsa.com.pl\/en\/wp-json\/wp\/v2\/users\/1"}],"replies":[{"embeddable":true,"href":"https:\/\/bolsa.com.pl\/en\/wp-json\/wp\/v2\/comments?post=411"}],"version-history":[{"count":2,"href":"https:\/\/bolsa.com.pl\/en\/wp-json\/wp\/v2\/pages\/411\/revisions"}],"predecessor-version":[{"id":414,"href":"https:\/\/bolsa.com.pl\/en\/wp-json\/wp\/v2\/pages\/411\/revisions\/414"}],"wp:attachment":[{"href":"https:\/\/bolsa.com.pl\/en\/wp-json\/wp\/v2\/media?parent=411"}],"curies":[{"name":"wp","href":"https:\/\/api.w.org\/{rel}","templated":true}]}}