{"id":404,"date":"2020-09-09T13:31:12","date_gmt":"2020-09-09T13:31:12","guid":{"rendered":"https:\/\/bolsa.com.pl\/?page_id=404"},"modified":"2020-11-17T15:02:43","modified_gmt":"2020-11-17T15:02:43","slug":"platnosci","status":"publish","type":"page","link":"https:\/\/bolsa.com.pl\/en\/platnosci\/","title":{"rendered":"P\u0142atno\u015bci"},"content":{"rendered":"<div data-elementor-type=\"wp-page\" data-elementor-id=\"404\" class=\"elementor elementor-404\" data-elementor-post-type=\"page\">\n\t\t\t\t\t\t<section class=\"elementor-section elementor-top-section elementor-element elementor-element-362f1dd elementor-section-boxed elementor-section-height-default elementor-section-height-default\" data-id=\"362f1dd\" data-element_type=\"section\" data-e-type=\"section\">\n\t\t\t\t\t\t<div class=\"elementor-container elementor-column-gap-default\">\n\t\t\t\t\t<div class=\"elementor-column elementor-col-100 elementor-top-column elementor-element elementor-element-5faf5b7\" data-id=\"5faf5b7\" data-element_type=\"column\" data-e-type=\"column\">\n\t\t\t<div class=\"elementor-widget-wrap elementor-element-populated\">\n\t\t\t\t\t\t<div class=\"elementor-element elementor-element-c14b595 elementor-widget elementor-widget-text-editor\" data-id=\"c14b595\" data-element_type=\"widget\" data-e-type=\"widget\" data-widget_type=\"text-editor.default\">\n\t\t\t\t<div class=\"elementor-widget-container\">\n\t\t\t\t\t\t\t\t\t<p>1. Dokonanie P\u0142atno\u015bci odbywa si\u0119 przed realizacj\u0105 Zam\u00f3wienia lub przy jego odbiorze.<\/p><p>2. Sprzedawca akceptuje nast\u0119puj\u0105ce metody p\u0142atno\u015bci:<\/p><p><b>a) p\u0142atno\u015b\u0107 got\u00f3wk\u0105 przy odbiorze (przesy\u0142ka pobraniowa),<\/b><\/p><p><b>b) p\u0142atno\u015b\u0107 tradycyjna<\/b><\/p><p><b>c) przelewy on-line,<\/b><\/p><p><b>d) portfel elektroniczny PayPal<\/b><\/p><p><b>e) blik<\/b><\/p><p>3. P\u0142atno\u015bci on-line realizowane s\u0105 za po\u015brednictwem operatora Przelewy24. Podczas finalizacji zam\u00f3wienia po wybraniu przycisku \u201eP\u0142atno\u015b\u0107 Online\u201d Klient zostaje przekierowany do strony serwisu Przelewy24, gdzie b\u0119dzie m\u00f3g\u0142 zdecydowa\u0107 si\u0119 na p\u0142atno\u015b\u0107 kart\u0105 (Visa, Maestro), przelewem bankowym lub te\u017c przelewem tradycyjnym. Portfel elektroniczny PayPal, pozwala kupuj\u0105cym deponowa\u0107 pieni\u0105dze, a nast\u0119pnie dokonywa\u0107 w szybki spos\u00f3b p\u0142atno\u015bci za zakupy. Podczas finalizacji zam\u00f3wienia po wybraniu przycisku \u201eP\u0142a\u0107 z PayPal lub kart\u0105\u201d Klient zostaje przekierowany do strony serwisu PayPal, gdzie b\u0119dzie m\u00f3g\u0142 zdecydowa\u0107 si\u0119 na p\u0142atno\u015b\u0107, wykorzystuj\u0105c zdeponowane na koncie PayPal pieni\u0105dze, lub skorzysta\u0107 z p\u0142atno\u015bci kart\u0105.<\/p><p>4. Sprzedawca zastrzega, i\u017c nigdy nie wysy\u0142a do Klient\u00f3w wiadomo\u015bci z informacj\u0105, i\u017c zmieni\u0142o si\u0119 konto do wp\u0142aty, wraz z pro\u015bb\u0105 o dokonanie przelewu tradycyjnego.<\/p><p>5. Sprzedawca przesy\u0142a Klientowi dokument sprzeda\u017cy, zgodny z przepisami podatkowy.<\/p><p>6. Klient wyra\u017ca zgod\u0119 na stosowanie przez Us\u0142ugodawc\u0119 w rozliczeniach faktur elektronicznych w rozumieniu ustawy z dnia 11 marca 2004 r. o podatku od towar\u00f3w i us\u0142ug.<\/p><p><strong>Dane<\/strong><\/p><p>Bolsa<\/p><p>Ma\u0142gorzata Chachulska-Owczarek<\/p><p>Bank PKO BP<\/p><p>Nr konta: 34 1440 1185 0000 0000 0505 1401<\/p>\t\t\t\t\t\t\t\t<\/div>\n\t\t\t\t<\/div>\n\t\t\t\t\t<\/div>\n\t\t<\/div>\n\t\t\t\t\t<\/div>\n\t\t<\/section>\n\t\t\t\t<\/div>","protected":false},"excerpt":{"rendered":"<p>1. Dokonanie P\u0142atno\u015bci odbywa si\u0119 przed realizacj\u0105 Zam\u00f3wienia lub przy jego odbiorze. 2. Sprzedawca akceptuje nast\u0119puj\u0105ce metody p\u0142atno\u015bci: a) p\u0142atno\u015b\u0107 got\u00f3wk\u0105 przy odbiorze (przesy\u0142ka pobraniowa), b) p\u0142atno\u015b\u0107 tradycyjna c) przelewy on-line, d) portfel elektroniczny PayPal e) blik 3. P\u0142atno\u015bci on-line realizowane s\u0105 za po\u015brednictwem operatora Przelewy24. Podczas finalizacji zam\u00f3wienia po wybraniu przycisku \u201eP\u0142atno\u015b\u0107 Online\u201d Klient [&hellip;]<\/p>\n","protected":false},"author":1,"featured_media":0,"parent":0,"menu_order":0,"comment_status":"closed","ping_status":"closed","template":"","meta":{"ocean_post_layout":"","ocean_both_sidebars_style":"","ocean_both_sidebars_content_width":0,"ocean_both_sidebars_sidebars_width":0,"ocean_sidebar":"0","ocean_second_sidebar":"0","ocean_disable_margins":"enable","ocean_add_body_class":"","ocean_shortcode_before_top_bar":"","ocean_shortcode_after_top_bar":"","ocean_shortcode_before_header":"","ocean_shortcode_after_header":"","ocean_has_shortcode":"","ocean_shortcode_after_title":"","ocean_shortcode_before_footer_widgets":"","ocean_shortcode_after_footer_widgets":"","ocean_shortcode_before_footer_bottom":"","ocean_shortcode_after_footer_bottom":"","ocean_display_top_bar":"default","ocean_display_header":"default","ocean_header_style":"","ocean_center_header_left_menu":"0","ocean_custom_header_template":"0","ocean_custom_logo":0,"ocean_custom_retina_logo":0,"ocean_custom_logo_max_width":0,"ocean_custom_logo_tablet_max_width":0,"ocean_custom_logo_mobile_max_width":0,"ocean_custom_logo_max_height":0,"ocean_custom_logo_tablet_max_height":0,"ocean_custom_logo_mobile_max_height":0,"ocean_header_custom_menu":"0","ocean_menu_typo_font_family":"0","ocean_menu_typo_font_subset":"","ocean_menu_typo_font_size":0,"ocean_menu_typo_font_size_tablet":0,"ocean_menu_typo_font_size_mobile":0,"ocean_menu_typo_font_size_unit":"px","ocean_menu_typo_font_weight":"","ocean_menu_typo_font_weight_tablet":"","ocean_menu_typo_font_weight_mobile":"","ocean_menu_typo_transform":"","ocean_menu_typo_transform_tablet":"","ocean_menu_typo_transform_mobile":"","ocean_menu_typo_line_height":0,"ocean_menu_typo_line_height_tablet":0,"ocean_menu_typo_line_height_mobile":0,"ocean_menu_typo_line_height_unit":"","ocean_menu_typo_spacing":0,"ocean_menu_typo_spacing_tablet":0,"ocean_menu_typo_spacing_mobile":0,"ocean_menu_typo_spacing_unit":"","ocean_menu_link_color":"","ocean_menu_link_color_hover":"","ocean_menu_link_color_active":"","ocean_menu_link_background":"","ocean_menu_link_hover_background":"","ocean_menu_link_active_background":"","ocean_menu_social_links_bg":"","ocean_menu_social_hover_links_bg":"","ocean_menu_social_links_color":"","ocean_menu_social_hover_links_color":"","ocean_disable_title":"default","ocean_disable_heading":"default","ocean_post_title":"","ocean_post_subheading":"","ocean_post_title_style":"","ocean_post_title_background_color":"","ocean_post_title_background":0,"ocean_post_title_bg_image_position":"","ocean_post_title_bg_image_attachment":"","ocean_post_title_bg_image_repeat":"","ocean_post_title_bg_image_size":"","ocean_post_title_height":0,"ocean_post_title_bg_overlay":0.5,"ocean_post_title_bg_overlay_color":"","ocean_disable_breadcrumbs":"default","ocean_breadcrumbs_color":"","ocean_breadcrumbs_separator_color":"","ocean_breadcrumbs_links_color":"","ocean_breadcrumbs_links_hover_color":"","ocean_display_footer_widgets":"default","ocean_display_footer_bottom":"default","ocean_custom_footer_template":"0","footnotes":""},"class_list":["post-404","page","type-page","status-publish","hentry","entry","owp-thumbs-layout-horizontal","owp-btn-normal","owp-tabs-layout-horizontal","has-no-thumbnails","has-product-nav"],"_links":{"self":[{"href":"https:\/\/bolsa.com.pl\/en\/wp-json\/wp\/v2\/pages\/404","targetHints":{"allow":["GET"]}}],"collection":[{"href":"https:\/\/bolsa.com.pl\/en\/wp-json\/wp\/v2\/pages"}],"about":[{"href":"https:\/\/bolsa.com.pl\/en\/wp-json\/wp\/v2\/types\/page"}],"author":[{"embeddable":true,"href":"https:\/\/bolsa.com.pl\/en\/wp-json\/wp\/v2\/users\/1"}],"replies":[{"embeddable":true,"href":"https:\/\/bolsa.com.pl\/en\/wp-json\/wp\/v2\/comments?post=404"}],"version-history":[{"count":3,"href":"https:\/\/bolsa.com.pl\/en\/wp-json\/wp\/v2\/pages\/404\/revisions"}],"predecessor-version":[{"id":533,"href":"https:\/\/bolsa.com.pl\/en\/wp-json\/wp\/v2\/pages\/404\/revisions\/533"}],"wp:attachment":[{"href":"https:\/\/bolsa.com.pl\/en\/wp-json\/wp\/v2\/media?parent=404"}],"curies":[{"name":"wp","href":"https:\/\/api.w.org\/{rel}","templated":true}]}}